{"id":2580,"date":"2024-09-14T02:39:43","date_gmt":"2024-09-14T02:39:43","guid":{"rendered":"https:\/\/demo.casethemes.net\/aimo\/?page_id=2580"},"modified":"2025-10-06T13:19:43","modified_gmt":"2025-10-06T11:19:43","slug":"contact","status":"publish","type":"page","link":"https:\/\/colrag.com\/ai\/contact\/","title":{"rendered":"Contact"},"content":{"rendered":"\t\t<div data-elementor-type=\"wp-page\" data-elementor-id=\"2580\" class=\"elementor elementor-2580\" data-elementor-post-type=\"page\">\n\t\t\t\t        <section class=\"elementor-section elementor-top-section elementor-element elementor-element-ca45f33 elementor-section-stretched elementor-section-boxed elementor-section-height-default elementor-section-height-default pxl-row-scroll-none pxl-zoom-point-false pxl-section-overflow-visible pxl-section-fix-none pxl-bg-color-none pxl-section-overlay-none wpr-particle-no wpr-jarallax-no wpr-parallax-no wpr-sticky-section-no\" data-id=\"ca45f33\" data-element_type=\"section\" data-e-type=\"section\" data-settings=\"{&quot;stretch_section&quot;:&quot;section-stretched&quot;}\">\n\n                \n                <div class=\"elementor-container elementor-column-gap-extended \">\n                <div class=\"elementor-column elementor-col-100 elementor-top-column elementor-element elementor-element-bbcefa7 pxl-column-none pxl-column-overflow-hidden-no\" data-id=\"bbcefa7\" data-element_type=\"column\" data-e-type=\"column\">\r\n        <div class=\"elementor-widget-wrap elementor-element-populated\">\r\n                     \r\n        \t\t<div class=\"elementor-element elementor-element-da85de0 elementor-widget elementor-widget-pxl_heading\" data-id=\"da85de0\" data-element_type=\"widget\" data-e-type=\"widget\" data-widget_type=\"pxl_heading.default\">\n\t\t\t\t<div class=\"elementor-widget-container\">\n\t\t\t\t\t\n<div id=\"pxl-pxl_heading-da85de0-5603\" class=\"pxl-heading  px-sub-title-default-style \">\n\t<div class=\"pxl-heading--inner\">\n\t\t\n\t\t<h2 class=\"pxl-item--title style-default highlight-default \" data-wow-delay=\"ms\">\n\n\t\t\t<span class=\"pxl-heading--text no\">\n\n\t\t\t\t\t\t\t\t\tPr\u00eat \u00e0 d\u00e9marrer\u202f? Nous aussi.\t\n\t\t\t\t\t\n\n\t\t\t<\/span>\n\t\t<\/h2>\n\t\t\n\t<\/div>\n<\/div>\n\n\n\n\n\t\t\t\t<\/div>\n\t\t\t\t<\/div>\n\t\t        <section class=\"elementor-section elementor-inner-section elementor-element elementor-element-09b2805 elementor-section-full_width elementor-section-height-default elementor-section-height-default pxl-row-scroll-none pxl-zoom-point-false pxl-section-overflow-visible pxl-section-fix-none pxl-full-content-with-space-none pxl-bg-color-none pxl-section-overlay-none wpr-particle-no wpr-jarallax-no wpr-parallax-no wpr-sticky-section-no\" data-id=\"09b2805\" data-element_type=\"section\" data-e-type=\"section\" data-settings=\"{&quot;background_background&quot;:&quot;classic&quot;}\">\n\n                \n                <div class=\"elementor-container elementor-column-gap-no \">\n                <div class=\"elementor-column elementor-col-33 elementor-inner-column elementor-element elementor-element-eff34be pxl-column-none pxl-column-overflow-hidden-no\" data-id=\"eff34be\" data-element_type=\"column\" data-e-type=\"column\">\r\n        <div class=\"elementor-widget-wrap elementor-element-populated\">\r\n                     \r\n        \t\t<div class=\"elementor-element elementor-element-ee1bd8a elementor-widget elementor-widget-pxl_icon_text\" data-id=\"ee1bd8a\" data-element_type=\"widget\" data-e-type=\"widget\" data-widget_type=\"pxl_icon_text.default\">\n\t\t\t\t<div class=\"elementor-widget-container\">\n\t\t\t\t\t\r\n<div class=\"pxl-icon-text pxl-icon-text1 style-4 wow zoomInSmall\" data-wow-delay=\"ms\">\r\n    <div class=\"pxl-item--inner\">\r\n                <div class=\"pxl-item-wrap\">\r\n                            <div class=\"pxl-item--icon \">\r\n                    <svg xmlns=\"http:\/\/www.w3.org\/2000\/svg\" width=\"32\" height=\"32\" viewBox=\"0 0 32 32\" fill=\"white\"><g clip-path=\"url(#clip0_91_114)\"><path d=\"M16 0C10.3772 0 5.6875 4.52938 5.6875 10.3125C5.6875 12.5126 6.34862 14.4745 7.61744 16.3129L15.2108 28.1616C15.5792 28.7376 16.4216 28.7365 16.7892 28.1616L24.4155 16.2726C25.657 14.5175 26.3125 12.4567 26.3125 10.3125C26.3125 4.62619 21.6863 0 16 0ZM16 15C13.4154 15 11.3125 12.8971 11.3125 10.3125C11.3125 7.72794 13.4154 5.625 16 5.625C18.5846 5.625 20.6875 7.72794 20.6875 10.3125C20.6875 12.8971 18.5846 15 16 15Z\"><\/path><path d=\"M23.329 21.5434L18.6083 28.9239C17.3864 30.829 14.6068 30.8228 13.3907 28.9257L8.66238 21.5454C4.50213 22.5073 1.9375 24.2693 1.9375 26.375C1.9375 30.0289 9.183 32 16 32C22.817 32 30.0625 30.0289 30.0625 26.375C30.0625 24.2678 27.4943 22.5048 23.329 21.5434Z\"><\/path><\/g><defs><clipPath id=\"clip0_91_114\"><rect width=\"32\" height=\"32\" fill=\"white\"><\/rect><\/clipPath><\/defs><\/svg>                <\/div>\r\n                                    <div class=\"pxl-item--meta\">\r\n                <h3 class=\"pxl-item--title\">\r\n                    Si\u00e8ge                <\/h3>\r\n            <\/div>\r\n        <\/div>\r\n    <\/div>\r\n<\/div>\t\t\t\t<\/div>\n\t\t\t\t<\/div>\n\t\t\t\t<div class=\"elementor-element elementor-element-fc5560a elementor-widget elementor-widget-pxl_text_editor\" data-id=\"fc5560a\" data-element_type=\"widget\" data-e-type=\"widget\" data-widget_type=\"pxl_text_editor.default\">\n\t\t\t\t<div class=\"elementor-widget-container\">\n\t\t\t\t\t<div class=\"pxl-text-editor highlight-gradient\">\n\t<div class=\"pxl-item--inner no  \" \n\tdata-wow-delay=\"ms\"><p>Pour nous rejoindre facilement<\/p><\/div>\n<\/div>\t\t\t\t<\/div>\n\t\t\t\t<\/div>\n\t\t\t\t<div class=\"elementor-element elementor-element-dc3a9be elementor-widget elementor-widget-pxl_link\" data-id=\"dc3a9be\" data-element_type=\"widget\" data-e-type=\"widget\" data-widget_type=\"pxl_link.default\">\n\t\t\t\t<div class=\"elementor-widget-container\">\n\t\t\t\t\t<div class=\"pxl-link-wrap\">\r\n    <h3 class=\"pxl-widget-title pxl-empty\"><\/h3>\r\n            <ul id=\"pxl-link-pxl_link-dc3a9be-8626\" class=\"pxl-link pxl-link-l1 style-default type-vertical\">\r\n                                <li class=\"pxl-item--link  \">\r\n                        <a class=\"\" >\r\n                                                        <span class=\"pxl-link--text\">48 rue Balbastre<br>\n34070 Montpellier<br>\nFrance<\/span>\r\n                        <\/a>\r\n                    <\/li>\r\n                    <\/ul>\r\n    <\/div>\t\t\t\t<\/div>\n\t\t\t\t<\/div>\n\t\t            <\/div>\r\n        <\/div>\r\n                <div class=\"elementor-column elementor-col-33 elementor-inner-column elementor-element elementor-element-f7c1537 pxl-column-none pxl-column-overflow-hidden-no\" data-id=\"f7c1537\" data-element_type=\"column\" data-e-type=\"column\">\r\n        <div class=\"elementor-widget-wrap elementor-element-populated\">\r\n                     \r\n        \t\t<div class=\"elementor-element elementor-element-7174557 elementor-widget elementor-widget-pxl_icon_text\" data-id=\"7174557\" data-element_type=\"widget\" data-e-type=\"widget\" data-widget_type=\"pxl_icon_text.default\">\n\t\t\t\t<div class=\"elementor-widget-container\">\n\t\t\t\t\t\r\n<div class=\"pxl-icon-text pxl-icon-text1 style-4 wow zoomInSmall\" data-wow-delay=\"ms\">\r\n    <div class=\"pxl-item--inner\">\r\n                <div class=\"pxl-item-wrap\">\r\n                            <div class=\"pxl-item--icon \">\r\n                    <svg xmlns=\"http:\/\/www.w3.org\/2000\/svg\" width=\"32\" height=\"32\" viewBox=\"0 0 32 32\" fill=\"white\"><path d=\"M16.9256 20.0425C16.6234 20.2314 16.2834 20.307 15.9811 20.307C15.6789 20.307 15.3388 20.2314 15.0366 20.0425L0 10.8619V23.0649C0 25.6718 2.1157 27.7875 4.72255 27.7875H27.2775C29.8843 27.7875 32 25.6718 32 23.0649V10.8619L16.9256 20.0425Z\"><\/path><path d=\"M27.2748 4.2124H4.71987C2.49082 4.2124 0.601802 5.79918 0.148438 7.91488L16.0162 17.5867L31.8462 7.91488C31.3928 5.79918 29.5038 4.2124 27.2748 4.2124Z\"><\/path><\/svg>                <\/div>\r\n                                    <div class=\"pxl-item--meta\">\r\n                <h3 class=\"pxl-item--title\">\r\n                    Email                <\/h3>\r\n            <\/div>\r\n        <\/div>\r\n    <\/div>\r\n<\/div>\t\t\t\t<\/div>\n\t\t\t\t<\/div>\n\t\t\t\t<div class=\"elementor-element elementor-element-b9fe527 elementor-widget elementor-widget-pxl_text_editor\" data-id=\"b9fe527\" data-element_type=\"widget\" data-e-type=\"widget\" data-widget_type=\"pxl_text_editor.default\">\n\t\t\t\t<div class=\"elementor-widget-container\">\n\t\t\t\t\t<div class=\"pxl-text-editor highlight-gradient\">\n\t<div class=\"pxl-item--inner no  \" \n\tdata-wow-delay=\"ms\"><p>\ud83d\udc49 <em>Une id\u00e9e de projet\u202f? Parlons-en\u202f!<\/em><\/p><\/div>\n<\/div>\t\t\t\t<\/div>\n\t\t\t\t<\/div>\n\t\t\t\t<div class=\"elementor-element elementor-element-08aaf7e elementor-widget elementor-widget-pxl_link\" data-id=\"08aaf7e\" data-element_type=\"widget\" data-e-type=\"widget\" data-widget_type=\"pxl_link.default\">\n\t\t\t\t<div class=\"elementor-widget-container\">\n\t\t\t\t\t<div class=\"pxl-link-wrap\">\r\n    <h3 class=\"pxl-widget-title pxl-empty\"><\/h3>\r\n            <ul id=\"pxl-link-pxl_link-08aaf7e-3201\" class=\"pxl-link pxl-link-l1 style-default type-vertical\">\r\n                                <li class=\"pxl-item--link  \">\r\n                        <a class=\"\" href=\"mailto:contact@colrag.com\">\r\n                                                        <span class=\"pxl-link--text\">contact@colrag.com<\/span>\r\n                        <\/a>\r\n                    <\/li>\r\n                    <\/ul>\r\n    <\/div>\t\t\t\t<\/div>\n\t\t\t\t<\/div>\n\t\t            <\/div>\r\n        <\/div>\r\n                <div class=\"elementor-column elementor-col-33 elementor-inner-column elementor-element elementor-element-b89dddc pxl-column-none pxl-column-overflow-hidden-no\" data-id=\"b89dddc\" data-element_type=\"column\" data-e-type=\"column\">\r\n        <div class=\"elementor-widget-wrap elementor-element-populated\">\r\n                     \r\n        \t\t<div class=\"elementor-element elementor-element-885f95b elementor-widget elementor-widget-pxl_icon_text\" data-id=\"885f95b\" data-element_type=\"widget\" data-e-type=\"widget\" data-widget_type=\"pxl_icon_text.default\">\n\t\t\t\t<div class=\"elementor-widget-container\">\n\t\t\t\t\t\r\n<div class=\"pxl-icon-text pxl-icon-text1 style-4 wow zoomInSmall\" data-wow-delay=\"ms\">\r\n    <div class=\"pxl-item--inner\">\r\n                <div class=\"pxl-item-wrap\">\r\n                            <div class=\"pxl-item--icon \">\r\n                    <i aria-hidden=\"true\" class=\"flaticon flaticon-viber\"><\/i>                <\/div>\r\n                                    <div class=\"pxl-item--meta\">\r\n                <h3 class=\"pxl-item--title\">\r\n                    T\u00e9l\u00e9phone                <\/h3>\r\n            <\/div>\r\n        <\/div>\r\n    <\/div>\r\n<\/div>\t\t\t\t<\/div>\n\t\t\t\t<\/div>\n\t\t\t\t<div class=\"elementor-element elementor-element-f1c33cc elementor-widget elementor-widget-pxl_text_editor\" data-id=\"f1c33cc\" data-element_type=\"widget\" data-e-type=\"widget\" data-widget_type=\"pxl_text_editor.default\">\n\t\t\t\t<div class=\"elementor-widget-container\">\n\t\t\t\t\t<div class=\"pxl-text-editor highlight-gradient\">\n\t<div class=\"pxl-item--inner no  \" \n\tdata-wow-delay=\"ms\"><p>Faisons travailler votre AI ensembles<\/p><\/div>\n<\/div>\t\t\t\t<\/div>\n\t\t\t\t<\/div>\n\t\t\t\t<div class=\"elementor-element elementor-element-6908767 elementor-widget elementor-widget-pxl_link\" data-id=\"6908767\" data-element_type=\"widget\" data-e-type=\"widget\" data-widget_type=\"pxl_link.default\">\n\t\t\t\t<div class=\"elementor-widget-container\">\n\t\t\t\t\t<div class=\"pxl-link-wrap\">\r\n    <h3 class=\"pxl-widget-title pxl-empty\"><\/h3>\r\n            <ul id=\"pxl-link-pxl_link-6908767-5082\" class=\"pxl-link pxl-link-l1 style-default type-vertical\">\r\n                                <li class=\"pxl-item--link  \">\r\n                        <a class=\"\" href=\"tel:6035550123 \">\r\n                                                        <span class=\"pxl-link--text\">(33) 04 65 65 00 20<\/span>\r\n                        <\/a>\r\n                    <\/li>\r\n                    <\/ul>\r\n    <\/div>\t\t\t\t<\/div>\n\t\t\t\t<\/div>\n\t\t            <\/div>\r\n        <\/div>\r\n        \t\t\t<\/div>\n\t\t<\/section>\n\t\t            <\/div>\r\n        <\/div>\r\n        \t\t\t<\/div>\n\t\t<\/section>\n\t\t        <section class=\"elementor-section elementor-top-section elementor-element elementor-element-27c3311 elementor-section-stretched elementor-section-boxed elementor-section-height-default elementor-section-height-default pxl-row-scroll-none pxl-zoom-point-false pxl-section-overflow-visible pxl-section-fix-none pxl-bg-color-none pxl-section-overlay-none wpr-particle-no wpr-jarallax-no wpr-parallax-no wpr-sticky-section-no\" data-id=\"27c3311\" data-element_type=\"section\" data-e-type=\"section\" data-settings=\"{&quot;stretch_section&quot;:&quot;section-stretched&quot;}\">\n\n                \n                <div class=\"elementor-container elementor-column-gap-extended \">\n                <div class=\"elementor-column elementor-col-50 elementor-top-column elementor-element elementor-element-4fa5258 pxl-column-none pxl-column-overflow-hidden-no\" data-id=\"4fa5258\" data-element_type=\"column\" data-e-type=\"column\">\r\n        <div class=\"elementor-widget-wrap elementor-element-populated\">\r\n                     \r\n        \t\t<div class=\"elementor-element elementor-element-7419963 elementor-widget elementor-widget-pxl_heading\" data-id=\"7419963\" data-element_type=\"widget\" data-e-type=\"widget\" data-widget_type=\"pxl_heading.default\">\n\t\t\t\t<div class=\"elementor-widget-container\">\n\t\t\t\t\t\n<div id=\"pxl-pxl_heading-7419963-1134\" class=\"pxl-heading  px-sub-title-default-style \">\n\t<div class=\"pxl-heading--inner\">\n\t\t\n\t\t<h2 class=\"pxl-item--title style-default highlight-default wow skewIn\" data-wow-delay=\"ms\">\n\n\t\t\t<span class=\"pxl-heading--text no\">\n\n\t\t\t\t\t\t\t\t\tEn qu\u00eate de r\u00e9ponses\u202f?<br> Nous sommes l\u00e0 pour vous accompagner.\t\n\t\t\t\t\t\n\n\t\t\t<\/span>\n\t\t<\/h2>\n\t\t\n\t<\/div>\n<\/div>\n\n\n\n\n\t\t\t\t<\/div>\n\t\t\t\t<\/div>\n\t\t\t\t<div class=\"elementor-element elementor-element-02a2ce7 elementor-widget elementor-widget-pxl_text_editor\" data-id=\"02a2ce7\" data-element_type=\"widget\" data-e-type=\"widget\" data-widget_type=\"pxl_text_editor.default\">\n\t\t\t\t<div class=\"elementor-widget-container\">\n\t\t\t\t\t<div class=\"pxl-text-editor highlight-gradient\">\n\t<div class=\"pxl-item--inner no  \" \n\tdata-wow-delay=\"ms\"><p><strong>Une question\u202f? <\/strong><\/p><p><strong>Besoin d\u2019un \u00e9claircissement\u202f? <\/strong><\/p><p><strong>\u00c9crivez-nous en toute libert\u00e9.<\/strong><\/p><\/div>\n<\/div>\t\t\t\t<\/div>\n\t\t\t\t<\/div>\n\t\t\t\t<div class=\"elementor-element elementor-element-92e74ff elementor-widget elementor-widget-html\" data-id=\"92e74ff\" data-element_type=\"widget\" data-e-type=\"widget\" data-widget_type=\"html.default\">\n\t\t\t\t<div class=\"elementor-widget-container\">\n\t\t\t\t\t[mailpoet_form id=\"2\"]\t\t\t\t<\/div>\n\t\t\t\t<\/div>\n\t\t            <\/div>\r\n        <\/div>\r\n                <div class=\"elementor-column elementor-col-50 elementor-top-column elementor-element elementor-element-a7c029a pxl-column-none pxl-column-overflow-hidden-no\" data-id=\"a7c029a\" data-element_type=\"column\" data-e-type=\"column\">\r\n        <div class=\"elementor-widget-wrap elementor-element-populated\">\r\n                     \r\n        \t\t<div class=\"elementor-element elementor-element-ce5748d elementor-widget elementor-widget-google_maps\" data-id=\"ce5748d\" data-element_type=\"widget\" data-e-type=\"widget\" data-widget_type=\"google_maps.default\">\n\t\t\t\t<div class=\"elementor-widget-container\">\n\t\t\t\t\t\t\t<div class=\"elementor-custom-embed\">\n\t\t\t<iframe loading=\"lazy\"\n\t\t\t\t\tsrc=\"https:\/\/maps.google.com\/maps?q=48%20rue%20Balbastre%2034070%20Montpellier%20France&#038;t=m&#038;z=7&#038;output=embed&#038;iwloc=near\"\n\t\t\t\t\ttitle=\"48 rue Balbastre 34070 Montpellier France\"\n\t\t\t\t\taria-label=\"48 rue Balbastre 34070 Montpellier France\"\n\t\t\t><\/iframe>\n\t\t<\/div>\n\t\t\t\t\t\t<\/div>\n\t\t\t\t<\/div>\n\t\t            <\/div>\r\n        <\/div>\r\n        \t\t\t<\/div>\n\t\t<\/section>\n\t\t\t\t<\/div>\n\t\t","protected":false},"excerpt":{"rendered":"<p>Pr\u00eat \u00e0 d\u00e9marrer\u202f? Nous aussi. Si\u00e8ge Pour nous rejoindre facilement 48 rue Balbastre 34070 Montpellier France Email \ud83d\udc49 Une id\u00e9e de projet\u202f? Parlons-en\u202f! contact@colrag.com T\u00e9l\u00e9phone Faisons travailler votre AI ensembles (33) 04 65 65 00 20 En qu\u00eate de r\u00e9ponses\u202f? Nous sommes l\u00e0 pour vous accompagner. Une question\u202f? Besoin d\u2019un \u00e9claircissement\u202f? \u00c9crivez-nous en toute libert\u00e9. [mailpoet_form id=&#8221;2&#8243;]<\/p>\n","protected":false},"author":2,"featured_media":0,"parent":0,"menu_order":0,"comment_status":"closed","ping_status":"closed","template":"","meta":{"footnotes":""},"class_list":["post-2580","page","type-page","status-publish","hentry"],"yoast_head":"<!-- This site is optimized with the Yoast SEO plugin v27.3 - https:\/\/yoast.com\/product\/yoast-seo-wordpress\/ -->\n<title>Contact - COLRAG<\/title>\n<meta name=\"robots\" content=\"index, follow, max-snippet:-1, max-image-preview:large, max-video-preview:-1\" \/>\n<link rel=\"canonical\" href=\"https:\/\/colrag.com\/ai\/contact\/\" \/>\n<meta property=\"og:locale\" content=\"fr_FR\" \/>\n<meta property=\"og:type\" content=\"article\" \/>\n<meta property=\"og:title\" content=\"Contact - COLRAG\" \/>\n<meta property=\"og:description\" content=\"Pr\u00eat \u00e0 d\u00e9marrer\u202f? Nous aussi. Si\u00e8ge Pour nous rejoindre facilement 48 rue Balbastre 34070 Montpellier France Email \ud83d\udc49 Une id\u00e9e de projet\u202f? Parlons-en\u202f! contact@colrag.com T\u00e9l\u00e9phone Faisons travailler votre AI ensembles (33) 04 65 65 00 20 En qu\u00eate de r\u00e9ponses\u202f? Nous sommes l\u00e0 pour vous accompagner. Une question\u202f? Besoin d\u2019un \u00e9claircissement\u202f? \u00c9crivez-nous en toute libert\u00e9. [mailpoet_form id=&#8221;2&#8243;]\" \/>\n<meta property=\"og:url\" content=\"https:\/\/colrag.com\/ai\/contact\/\" \/>\n<meta property=\"og:site_name\" content=\"COLRAG\" \/>\n<meta property=\"article:modified_time\" content=\"2025-10-06T11:19:43+00:00\" \/>\n<meta name=\"twitter:card\" content=\"summary_large_image\" \/>\n<meta name=\"twitter:label1\" content=\"Dur\u00e9e de lecture estim\u00e9e\" \/>\n\t<meta name=\"twitter:data1\" content=\"1 minute\" \/>\n<script type=\"application\/ld+json\" class=\"yoast-schema-graph\">{\"@context\":\"https:\\\/\\\/schema.org\",\"@graph\":[{\"@type\":\"WebPage\",\"@id\":\"https:\\\/\\\/colrag.com\\\/ai\\\/contact\\\/\",\"url\":\"https:\\\/\\\/colrag.com\\\/ai\\\/contact\\\/\",\"name\":\"Contact - COLRAG\",\"isPartOf\":{\"@id\":\"https:\\\/\\\/colrag.com\\\/ai\\\/#website\"},\"datePublished\":\"2024-09-14T02:39:43+00:00\",\"dateModified\":\"2025-10-06T11:19:43+00:00\",\"breadcrumb\":{\"@id\":\"https:\\\/\\\/colrag.com\\\/ai\\\/contact\\\/#breadcrumb\"},\"inLanguage\":\"fr-FR\",\"potentialAction\":[{\"@type\":\"ReadAction\",\"target\":[\"https:\\\/\\\/colrag.com\\\/ai\\\/contact\\\/\"]}]},{\"@type\":\"BreadcrumbList\",\"@id\":\"https:\\\/\\\/colrag.com\\\/ai\\\/contact\\\/#breadcrumb\",\"itemListElement\":[{\"@type\":\"ListItem\",\"position\":1,\"name\":\"Accueil\",\"item\":\"https:\\\/\\\/colrag.com\\\/ai\\\/\"},{\"@type\":\"ListItem\",\"position\":2,\"name\":\"Contact\"}]},{\"@type\":\"WebSite\",\"@id\":\"https:\\\/\\\/colrag.com\\\/ai\\\/#website\",\"url\":\"https:\\\/\\\/colrag.com\\\/ai\\\/\",\"name\":\"COLRAG\",\"description\":\"\",\"publisher\":{\"@id\":\"https:\\\/\\\/colrag.com\\\/ai\\\/#organization\"},\"potentialAction\":[{\"@type\":\"SearchAction\",\"target\":{\"@type\":\"EntryPoint\",\"urlTemplate\":\"https:\\\/\\\/colrag.com\\\/ai\\\/?s={search_term_string}\"},\"query-input\":{\"@type\":\"PropertyValueSpecification\",\"valueRequired\":true,\"valueName\":\"search_term_string\"}}],\"inLanguage\":\"fr-FR\"},{\"@type\":\"Organization\",\"@id\":\"https:\\\/\\\/colrag.com\\\/ai\\\/#organization\",\"name\":\"COLRAG\",\"url\":\"https:\\\/\\\/colrag.com\\\/ai\\\/\",\"logo\":{\"@type\":\"ImageObject\",\"inLanguage\":\"fr-FR\",\"@id\":\"https:\\\/\\\/colrag.com\\\/ai\\\/#\\\/schema\\\/logo\\\/image\\\/\",\"url\":\"https:\\\/\\\/colrag.com\\\/ai\\\/wp-content\\\/uploads\\\/2024\\\/08\\\/logo-colrag-2.png\",\"contentUrl\":\"https:\\\/\\\/colrag.com\\\/ai\\\/wp-content\\\/uploads\\\/2024\\\/08\\\/logo-colrag-2.png\",\"width\":1024,\"height\":1024,\"caption\":\"COLRAG\"},\"image\":{\"@id\":\"https:\\\/\\\/colrag.com\\\/ai\\\/#\\\/schema\\\/logo\\\/image\\\/\"}}]}<\/script>\n<!-- \/ Yoast SEO plugin. -->","yoast_head_json":{"title":"Contact - COLRAG","robots":{"index":"index","follow":"follow","max-snippet":"max-snippet:-1","max-image-preview":"max-image-preview:large","max-video-preview":"max-video-preview:-1"},"canonical":"https:\/\/colrag.com\/ai\/contact\/","og_locale":"fr_FR","og_type":"article","og_title":"Contact - COLRAG","og_description":"Pr\u00eat \u00e0 d\u00e9marrer\u202f? Nous aussi. Si\u00e8ge Pour nous rejoindre facilement 48 rue Balbastre 34070 Montpellier France Email \ud83d\udc49 Une id\u00e9e de projet\u202f? Parlons-en\u202f! contact@colrag.com T\u00e9l\u00e9phone Faisons travailler votre AI ensembles (33) 04 65 65 00 20 En qu\u00eate de r\u00e9ponses\u202f? Nous sommes l\u00e0 pour vous accompagner. Une question\u202f? Besoin d\u2019un \u00e9claircissement\u202f? \u00c9crivez-nous en toute libert\u00e9. [mailpoet_form id=&#8221;2&#8243;]","og_url":"https:\/\/colrag.com\/ai\/contact\/","og_site_name":"COLRAG","article_modified_time":"2025-10-06T11:19:43+00:00","twitter_card":"summary_large_image","twitter_misc":{"Dur\u00e9e de lecture estim\u00e9e":"1 minute"},"schema":{"@context":"https:\/\/schema.org","@graph":[{"@type":"WebPage","@id":"https:\/\/colrag.com\/ai\/contact\/","url":"https:\/\/colrag.com\/ai\/contact\/","name":"Contact - COLRAG","isPartOf":{"@id":"https:\/\/colrag.com\/ai\/#website"},"datePublished":"2024-09-14T02:39:43+00:00","dateModified":"2025-10-06T11:19:43+00:00","breadcrumb":{"@id":"https:\/\/colrag.com\/ai\/contact\/#breadcrumb"},"inLanguage":"fr-FR","potentialAction":[{"@type":"ReadAction","target":["https:\/\/colrag.com\/ai\/contact\/"]}]},{"@type":"BreadcrumbList","@id":"https:\/\/colrag.com\/ai\/contact\/#breadcrumb","itemListElement":[{"@type":"ListItem","position":1,"name":"Accueil","item":"https:\/\/colrag.com\/ai\/"},{"@type":"ListItem","position":2,"name":"Contact"}]},{"@type":"WebSite","@id":"https:\/\/colrag.com\/ai\/#website","url":"https:\/\/colrag.com\/ai\/","name":"COLRAG","description":"","publisher":{"@id":"https:\/\/colrag.com\/ai\/#organization"},"potentialAction":[{"@type":"SearchAction","target":{"@type":"EntryPoint","urlTemplate":"https:\/\/colrag.com\/ai\/?s={search_term_string}"},"query-input":{"@type":"PropertyValueSpecification","valueRequired":true,"valueName":"search_term_string"}}],"inLanguage":"fr-FR"},{"@type":"Organization","@id":"https:\/\/colrag.com\/ai\/#organization","name":"COLRAG","url":"https:\/\/colrag.com\/ai\/","logo":{"@type":"ImageObject","inLanguage":"fr-FR","@id":"https:\/\/colrag.com\/ai\/#\/schema\/logo\/image\/","url":"https:\/\/colrag.com\/ai\/wp-content\/uploads\/2024\/08\/logo-colrag-2.png","contentUrl":"https:\/\/colrag.com\/ai\/wp-content\/uploads\/2024\/08\/logo-colrag-2.png","width":1024,"height":1024,"caption":"COLRAG"},"image":{"@id":"https:\/\/colrag.com\/ai\/#\/schema\/logo\/image\/"}}]}},"_links":{"self":[{"href":"https:\/\/colrag.com\/ai\/wp-json\/wp\/v2\/pages\/2580","targetHints":{"allow":["GET"]}}],"collection":[{"href":"https:\/\/colrag.com\/ai\/wp-json\/wp\/v2\/pages"}],"about":[{"href":"https:\/\/colrag.com\/ai\/wp-json\/wp\/v2\/types\/page"}],"author":[{"embeddable":true,"href":"https:\/\/colrag.com\/ai\/wp-json\/wp\/v2\/users\/2"}],"replies":[{"embeddable":true,"href":"https:\/\/colrag.com\/ai\/wp-json\/wp\/v2\/comments?post=2580"}],"version-history":[{"count":36,"href":"https:\/\/colrag.com\/ai\/wp-json\/wp\/v2\/pages\/2580\/revisions"}],"predecessor-version":[{"id":12256,"href":"https:\/\/colrag.com\/ai\/wp-json\/wp\/v2\/pages\/2580\/revisions\/12256"}],"wp:attachment":[{"href":"https:\/\/colrag.com\/ai\/wp-json\/wp\/v2\/media?parent=2580"}],"curies":[{"name":"wp","href":"https:\/\/api.w.org\/{rel}","templated":true}]}}